{"id":786,"date":"2022-11-10T21:37:24","date_gmt":"2022-11-10T21:37:24","guid":{"rendered":"https:\/\/multibrandmarketing.hu\/?page_id=786"},"modified":"2022-11-17T19:51:39","modified_gmt":"2022-11-17T19:51:39","slug":"social-media-kezeles","status":"publish","type":"page","link":"http:\/\/multibrandmarketing.hu\/en\/social-media-kezeles\/","title":{"rendered":"Social media kezel\u00e9s"},"content":{"rendered":"<div data-elementor-type=\"wp-post\" data-elementor-id=\"786\" class=\"elementor elementor-786\">\n\t\t\t\t\t\t\t\t\t<section class=\"elementor-section elementor-top-section elementor-element elementor-element-d7d8b56 elementor-section-boxed elementor-section-height-default elementor-section-height-default\" data-id=\"d7d8b56\" data-element_type=\"section\" data-settings=\"{&quot;background_background&quot;:&quot;classic&quot;}\">\n\t\t\t\t\t\t\t<div class=\"elementor-background-overlay\"><\/div>\n\t\t\t\t\t\t\t<div class=\"elementor-container elementor-column-gap-default\">\n\t\t\t\t\t<div class=\"elementor-column elementor-col-100 elementor-top-column elementor-element elementor-element-fd69444\" data-id=\"fd69444\" data-element_type=\"column\">\n\t\t\t<div class=\"elementor-widget-wrap elementor-element-populated\">\n\t\t\t\t\t\t\t\t<div class=\"elementor-element elementor-element-abcc2f2 elementor-widget elementor-widget-heading\" data-id=\"abcc2f2\" data-element_type=\"widget\" data-widget_type=\"heading.default\">\n\t\t\t\t<div class=\"elementor-widget-container\">\n\t\t\t<style>\/*! elementor - v3.8.1 - 13-11-2022 *\/\n.elementor-heading-title{padding:0;margin:0;line-height:1}.elementor-widget-heading .elementor-heading-title[class*=elementor-size-]>a{color:inherit;font-size:inherit;line-height:inherit}.elementor-widget-heading .elementor-heading-title.elementor-size-small{font-size:15px}.elementor-widget-heading .elementor-heading-title.elementor-size-medium{font-size:19px}.elementor-widget-heading .elementor-heading-title.elementor-size-large{font-size:29px}.elementor-widget-heading .elementor-heading-title.elementor-size-xl{font-size:39px}.elementor-widget-heading .elementor-heading-title.elementor-size-xxl{font-size:59px}<\/style><h1 class=\"elementor-heading-title elementor-size-default\">SOCIAL MEDIA KEZEL\u00c9S<\/h1>\t\t<\/div>\n\t\t\t\t<\/div>\n\t\t\t\t\t<\/div>\n\t\t<\/div>\n\t\t\t\t\t\t\t<\/div>\n\t\t<\/section>\n\t\t\t\t<section class=\"elementor-section elementor-top-section elementor-element elementor-element-40176efc elementor-section-boxed elementor-section-height-default elementor-section-height-default\" data-id=\"40176efc\" data-element_type=\"section\">\n\t\t\t\t\t\t<div class=\"elementor-container elementor-column-gap-default\">\n\t\t\t\t\t<div class=\"elementor-column elementor-col-100 elementor-top-column elementor-element elementor-element-32a9fa61\" data-id=\"32a9fa61\" data-element_type=\"column\">\n\t\t\t<div class=\"elementor-widget-wrap elementor-element-populated\">\n\t\t\t\t\t\t\t\t<div class=\"elementor-element elementor-element-2da79ab7 elementor-widget elementor-widget-heading\" data-id=\"2da79ab7\" data-element_type=\"widget\" data-widget_type=\"heading.default\">\n\t\t\t\t<div class=\"elementor-widget-container\">\n\t\t\t<h1 class=\"elementor-heading-title elementor-size-default\">Multibrand Marketing<\/h1>\t\t<\/div>\n\t\t\t\t<\/div>\n\t\t\t\t<div class=\"elementor-element elementor-element-d623094 elementor-widget elementor-widget-heading\" data-id=\"d623094\" data-element_type=\"widget\" data-widget_type=\"heading.default\">\n\t\t\t\t<div class=\"elementor-widget-container\">\n\t\t\t<h2 class=\"elementor-heading-title elementor-size-default\">Your marketing team!<\/h2>\t\t<\/div>\n\t\t\t\t<\/div>\n\t\t\t\t\t<\/div>\n\t\t<\/div>\n\t\t\t\t\t\t\t<\/div>\n\t\t<\/section>\n\t\t\t\t<section class=\"elementor-section elementor-top-section elementor-element elementor-element-c2247be elementor-section-boxed elementor-section-height-default elementor-section-height-default\" data-id=\"c2247be\" data-element_type=\"section\">\n\t\t\t\t\t\t<div class=\"elementor-container elementor-column-gap-default\">\n\t\t\t\t\t<div class=\"elementor-column elementor-col-100 elementor-top-column elementor-element elementor-element-0f7d302\" data-id=\"0f7d302\" data-element_type=\"column\">\n\t\t\t<div class=\"elementor-widget-wrap elementor-element-populated\">\n\t\t\t\t\t\t\t\t<div class=\"elementor-element elementor-element-32ef04c elementor-widget elementor-widget-spacer\" data-id=\"32ef04c\" data-element_type=\"widget\" data-widget_type=\"spacer.default\">\n\t\t\t\t<div class=\"elementor-widget-container\">\n\t\t\t<style>\/*! elementor - v3.8.1 - 13-11-2022 *\/\n.elementor-column .elementor-spacer-inner{height:var(--spacer-size)}.e-con{--container-widget-width:100%}.e-con-inner>.elementor-widget-spacer,.e-con>.elementor-widget-spacer{width:var(--container-widget-width,var(--spacer-size));-ms-flex-item-align:stretch;align-self:stretch;-ms-flex-negative:0;flex-shrink:0}.e-con-inner>.elementor-widget-spacer>.elementor-widget-container,.e-con-inner>.elementor-widget-spacer>.elementor-widget-container>.elementor-spacer,.e-con>.elementor-widget-spacer>.elementor-widget-container,.e-con>.elementor-widget-spacer>.elementor-widget-container>.elementor-spacer{height:100%}.e-con-inner>.elementor-widget-spacer>.elementor-widget-container>.elementor-spacer>.elementor-spacer-inner,.e-con>.elementor-widget-spacer>.elementor-widget-container>.elementor-spacer>.elementor-spacer-inner{height:var(--container-widget-height,var(--spacer-size))}<\/style>\t\t<div class=\"elementor-spacer\">\n\t\t\t<div class=\"elementor-spacer-inner\"><\/div>\n\t\t<\/div>\n\t\t\t\t<\/div>\n\t\t\t\t<\/div>\n\t\t\t\t\t<\/div>\n\t\t<\/div>\n\t\t\t\t\t\t\t<\/div>\n\t\t<\/section>\n\t\t\t\t<section data-uael-partstyle=\"nasa\" data-uael-partcolor=\"\" data-uael-partopacity=\"\" data-uael-partdirection=\"bottom\" class=\"elementor-section elementor-top-section elementor-element elementor-element-742c6ac uael-particle-yes elementor-section-boxed elementor-section-height-default elementor-section-height-default uael-particle-adv-no\" data-id=\"742c6ac\" data-element_type=\"section\">\n\t\t\t\t\t\t<div class=\"elementor-container elementor-column-gap-default\">\n\t\t\t\t\t<div class=\"elementor-column elementor-col-100 elementor-top-column elementor-element elementor-element-2441ea5\" data-id=\"2441ea5\" data-element_type=\"column\">\n\t\t\t<div class=\"elementor-widget-wrap elementor-element-populated\">\n\t\t\t\t\t\t\t\t<div class=\"elementor-element elementor-element-8dd876c elementor-widget elementor-widget-heading\" data-id=\"8dd876c\" data-element_type=\"widget\" data-widget_type=\"heading.default\">\n\t\t\t\t<div class=\"elementor-widget-container\">\n\t\t\t<h1 class=\"elementor-heading-title elementor-size-default\">Levessz\u00fck a terhet...<\/h1>\t\t<\/div>\n\t\t\t\t<\/div>\n\t\t\t\t\t<\/div>\n\t\t<\/div>\n\t\t\t\t\t\t\t<\/div>\n\t\t<\/section>\n\t\t\t\t<section data-uael-partstyle=\"nasa\" data-uael-partcolor=\"\" data-uael-partopacity=\"\" data-uael-partdirection=\"bottom\" class=\"elementor-section elementor-top-section elementor-element elementor-element-c84c085 uael-particle-yes elementor-section-boxed elementor-section-height-default elementor-section-height-default uael-particle-adv-no\" data-id=\"c84c085\" data-element_type=\"section\">\n\t\t\t\t\t\t<div class=\"elementor-container elementor-column-gap-default\">\n\t\t\t\t\t<div class=\"elementor-column elementor-col-100 elementor-top-column elementor-element elementor-element-06cc3ed\" data-id=\"06cc3ed\" data-element_type=\"column\">\n\t\t\t<div class=\"elementor-widget-wrap elementor-element-populated\">\n\t\t\t\t\t\t\t\t<div class=\"elementor-element elementor-element-08e01fe elementor-widget elementor-widget-text-editor\" data-id=\"08e01fe\" data-element_type=\"widget\" data-widget_type=\"text-editor.default\">\n\t\t\t\t<div class=\"elementor-widget-container\">\n\t\t\t<style>\/*! elementor - v3.8.1 - 13-11-2022 *\/\n.elementor-widget-text-editor.elementor-drop-cap-view-stacked .elementor-drop-cap{background-color:#818a91;color:#fff}.elementor-widget-text-editor.elementor-drop-cap-view-framed .elementor-drop-cap{color:#818a91;border:3px solid;background-color:transparent}.elementor-widget-text-editor:not(.elementor-drop-cap-view-default) .elementor-drop-cap{margin-top:8px}.elementor-widget-text-editor:not(.elementor-drop-cap-view-default) .elementor-drop-cap-letter{width:1em;height:1em}.elementor-widget-text-editor .elementor-drop-cap{float:left;text-align:center;line-height:1;font-size:50px}.elementor-widget-text-editor .elementor-drop-cap-letter{display:inline-block}<\/style>\t\t\t\t<h3 class=\"elementor-heading-title elementor-size-default\">Posztok, esem\u00e9nyek, sztorik, csoportok.<br \/>Felm\u00e9rj\u00fck melyik platformokra \u00e9s milyen eszk\u00f6z\u00f6kre van sz\u00fcks\u00e9ge a v\u00e1llalkoz\u00e1sodnak, majd strat\u00e9gi\u00e1t gy\u00e1rtunk \u00e9s kezelj\u00fck helyetted.<\/h3>\t\t\t\t\t\t<\/div>\n\t\t\t\t<\/div>\n\t\t\t\t\t<\/div>\n\t\t<\/div>\n\t\t\t\t\t\t\t<\/div>\n\t\t<\/section>\n\t\t\t\t<section data-uael-partstyle=\"nasa\" data-uael-partcolor=\"\" data-uael-partopacity=\"\" data-uael-partdirection=\"bottom\" class=\"elementor-section elementor-top-section elementor-element elementor-element-377df5e uael-particle-yes elementor-section-boxed elementor-section-height-default elementor-section-height-default uael-particle-adv-no\" data-id=\"377df5e\" data-element_type=\"section\">\n\t\t\t\t\t\t<div class=\"elementor-container elementor-column-gap-default\">\n\t\t\t\t\t<div class=\"elementor-column elementor-col-50 elementor-top-column elementor-element elementor-element-af48763\" data-id=\"af48763\" data-element_type=\"column\">\n\t\t\t<div class=\"elementor-widget-wrap elementor-element-populated\">\n\t\t\t\t\t\t\t\t<div class=\"elementor-element elementor-element-ad844d9 elementor-widget elementor-widget-image\" data-id=\"ad844d9\" data-element_type=\"widget\" data-widget_type=\"image.default\">\n\t\t\t\t<div class=\"elementor-widget-container\">\n\t\t\t<style>\/*! elementor - v3.8.1 - 13-11-2022 *\/\n.elementor-widget-image{text-align:center}.elementor-widget-image a{display:inline-block}.elementor-widget-image a img[src$=\".svg\"]{width:48px}.elementor-widget-image img{vertical-align:middle;display:inline-block}<\/style>\t\t\t\t\t\t\t\t\t\t\t\t<img loading=\"lazy\" decoding=\"async\" width=\"1024\" height=\"683\" src=\"http:\/\/multibrandmarketing.hu\/wp-content\/uploads\/2022\/11\/pexels-tracy-le-blanc-607812-1024x683.jpg\" class=\"attachment-large size-large\" alt=\"\" srcset=\"http:\/\/multibrandmarketing.hu\/wp-content\/uploads\/2022\/11\/pexels-tracy-le-blanc-607812-1024x683.jpg 1024w, http:\/\/multibrandmarketing.hu\/wp-content\/uploads\/2022\/11\/pexels-tracy-le-blanc-607812-300x200.jpg 300w, http:\/\/multibrandmarketing.hu\/wp-content\/uploads\/2022\/11\/pexels-tracy-le-blanc-607812-768x512.jpg 768w, http:\/\/multibrandmarketing.hu\/wp-content\/uploads\/2022\/11\/pexels-tracy-le-blanc-607812-1536x1024.jpg 1536w, http:\/\/multibrandmarketing.hu\/wp-content\/uploads\/2022\/11\/pexels-tracy-le-blanc-607812-2048x1365.jpg 2048w, http:\/\/multibrandmarketing.hu\/wp-content\/uploads\/2022\/11\/pexels-tracy-le-blanc-607812-18x12.jpg 18w\" sizes=\"auto, (max-width: 1024px) 100vw, 1024px\" \/>\t\t\t\t\t\t\t\t\t\t\t\t\t\t\t<\/div>\n\t\t\t\t<\/div>\n\t\t\t\t\t<\/div>\n\t\t<\/div>\n\t\t\t\t<div class=\"elementor-column elementor-col-50 elementor-top-column elementor-element elementor-element-db31b69\" data-id=\"db31b69\" data-element_type=\"column\">\n\t\t\t<div class=\"elementor-widget-wrap elementor-element-populated\">\n\t\t\t\t\t\t\t\t<div class=\"elementor-element elementor-element-a60b1fb elementor-widget elementor-widget-text-editor\" data-id=\"a60b1fb\" data-element_type=\"widget\" data-widget_type=\"text-editor.default\">\n\t\t\t\t<div class=\"elementor-widget-container\">\n\t\t\t\t\t\t\t<p>Magyarorsz\u00e1gon az emberek 60%-a akt\u00edvan haszn\u00e1lja a Facebookot, az Instagramon pedig m\u00e1r t\u00f6bb, mint 2 milli\u00f3an vannak jelen.\u00a0A\u00a0k\u00f6z\u00f6ss\u00e9gi oldalak haszn\u00e1lata ma m\u00e1r minden v\u00e1llalkoz\u00e1s sz\u00e1m\u00e1ra n\u00e9lk\u00fcl\u00f6zhetetlen marketing eszk\u00f6z. Ennek ellen\u00e9re a social fel\u00fcletek folyamatos menedzsel\u00e9se \u00e9s az \u00e1lland\u00f3 posztolgat\u00e1s csak ny\u0171g megannyi v\u00e1llalkoz\u00e1s sz\u00e1m\u00e1ra. Sok id\u0151t \u00e9s energi\u00e1t vesz el, m\u00e1s vagy ak\u00e1r fontosabb dolgokt\u00f3l, r\u00e1ad\u00e1sul strat\u00e9gia n\u00e9lk\u00fcl, random t\u00f6rt\u00e9nik a tartalomgy\u00e1rt\u00e1s \u2013 ha t\u00f6rt\u00e9nik egy\u00e1ltal\u00e1n. Vedd le ezt a terhet a saj\u00e1t vagy v\u00e1llalkoz\u00e1sod v\u00e1ll\u00e1r\u00f3l \u00e9s b\u00edzd r\u00e1nk a social media fel\u00fcleteid kezel\u00e9s\u00e9t!<\/p>\t\t\t\t\t\t<\/div>\n\t\t\t\t<\/div>\n\t\t\t\t\t<\/div>\n\t\t<\/div>\n\t\t\t\t\t\t\t<\/div>\n\t\t<\/section>\n\t\t\t\t<section data-uael-partstyle=\"nasa\" data-uael-partcolor=\"\" data-uael-partopacity=\"\" data-uael-partdirection=\"bottom\" class=\"elementor-section elementor-top-section elementor-element elementor-element-573c0d5 uael-particle-yes elementor-section-boxed elementor-section-height-default elementor-section-height-default uael-particle-adv-no\" data-id=\"573c0d5\" data-element_type=\"section\">\n\t\t\t\t\t\t<div class=\"elementor-container elementor-column-gap-default\">\n\t\t\t\t\t<div class=\"elementor-column elementor-col-50 elementor-top-column elementor-element elementor-element-601f5c4\" data-id=\"601f5c4\" data-element_type=\"column\">\n\t\t\t<div class=\"elementor-widget-wrap elementor-element-populated\">\n\t\t\t\t\t\t\t\t<div class=\"elementor-element elementor-element-d511a36 elementor-widget elementor-widget-image\" data-id=\"d511a36\" data-element_type=\"widget\" data-widget_type=\"image.default\">\n\t\t\t\t<div class=\"elementor-widget-container\">\n\t\t\t\t\t\t\t\t\t\t\t\t\t\t\t<img loading=\"lazy\" decoding=\"async\" width=\"620\" height=\"620\" src=\"http:\/\/multibrandmarketing.hu\/wp-content\/uploads\/2022\/11\/marketing-most-design-v14.png\" class=\"attachment-large size-large\" alt=\"\" srcset=\"http:\/\/multibrandmarketing.hu\/wp-content\/uploads\/2022\/11\/marketing-most-design-v14.png 620w, http:\/\/multibrandmarketing.hu\/wp-content\/uploads\/2022\/11\/marketing-most-design-v14-300x300.png 300w, http:\/\/multibrandmarketing.hu\/wp-content\/uploads\/2022\/11\/marketing-most-design-v14-150x150.png 150w, http:\/\/multibrandmarketing.hu\/wp-content\/uploads\/2022\/11\/marketing-most-design-v14-12x12.png 12w\" sizes=\"auto, (max-width: 620px) 100vw, 620px\" \/>\t\t\t\t\t\t\t\t\t\t\t\t\t\t\t<\/div>\n\t\t\t\t<\/div>\n\t\t\t\t\t<\/div>\n\t\t<\/div>\n\t\t\t\t<div class=\"elementor-column elementor-col-50 elementor-top-column elementor-element elementor-element-38496c7\" data-id=\"38496c7\" data-element_type=\"column\">\n\t\t\t<div class=\"elementor-widget-wrap elementor-element-populated\">\n\t\t\t\t\t\t\t\t<div class=\"elementor-element elementor-element-8f55315 elementor-widget elementor-widget-heading\" data-id=\"8f55315\" data-element_type=\"widget\" data-widget_type=\"heading.default\">\n\t\t\t\t<div class=\"elementor-widget-container\">\n\t\t\t<h2 class=\"elementor-heading-title elementor-size-default\">KIKNEK?<\/h2>\t\t<\/div>\n\t\t\t\t<\/div>\n\t\t\t\t<div class=\"elementor-element elementor-element-2ba83e7 elementor-position-left elementor-mobile-position-left elementor-view-default elementor-vertical-align-top elementor-widget elementor-widget-icon-box\" data-id=\"2ba83e7\" data-element_type=\"widget\" data-widget_type=\"icon-box.default\">\n\t\t\t\t<div class=\"elementor-widget-container\">\n\t\t\t<link rel=\"stylesheet\" href=\"https:\/\/multibrandmarketing.hu\/wp-content\/plugins\/elementor\/assets\/css\/widget-icon-box.min.css\">\t\t<div class=\"elementor-icon-box-wrapper\">\n\t\t\t\t\t\t<div class=\"elementor-icon-box-icon\">\n\t\t\t\t<span class=\"elementor-icon elementor-animation-\" >\n\t\t\t\t<i aria-hidden=\"true\" class=\"fas fa-caret-right\"><\/i>\t\t\t\t<\/span>\n\t\t\t<\/div>\n\t\t\t\t\t\t<div class=\"elementor-icon-box-content\">\n\t\t\t\t<h3 class=\"elementor-icon-box-title\">\n\t\t\t\t\t<span  >\n\t\t\t\t\t\tHa nincsenek m\u00e9g a v\u00e1llalkoz\u00e1sodnak k\u00f6z\u00f6ss\u00e9gi oldalai, mi elk\u00e9sz\u00edtj\u00fck a null\u00e1r\u00f3l.\t\t\t\t\t<\/span>\n\t\t\t\t<\/h3>\n\t\t\t\t\t\t\t<\/div>\n\t\t<\/div>\n\t\t\t\t<\/div>\n\t\t\t\t<\/div>\n\t\t\t\t<div class=\"elementor-element elementor-element-db52fee elementor-position-left elementor-mobile-position-left elementor-view-default elementor-vertical-align-top elementor-widget elementor-widget-icon-box\" data-id=\"db52fee\" data-element_type=\"widget\" data-widget_type=\"icon-box.default\">\n\t\t\t\t<div class=\"elementor-widget-container\">\n\t\t\t\t\t<div class=\"elementor-icon-box-wrapper\">\n\t\t\t\t\t\t<div class=\"elementor-icon-box-icon\">\n\t\t\t\t<span class=\"elementor-icon elementor-animation-\" >\n\t\t\t\t<i aria-hidden=\"true\" class=\"fas fa-caret-right\"><\/i>\t\t\t\t<\/span>\n\t\t\t<\/div>\n\t\t\t\t\t\t<div class=\"elementor-icon-box-content\">\n\t\t\t\t<h3 class=\"elementor-icon-box-title\">\n\t\t\t\t\t<span  >\n\t\t\t\t\t\tHa van, de nem akarsz posztolgatni, mi posztolunk helyetted.\t\t\t\t\t<\/span>\n\t\t\t\t<\/h3>\n\t\t\t\t\t\t\t<\/div>\n\t\t<\/div>\n\t\t\t\t<\/div>\n\t\t\t\t<\/div>\n\t\t\t\t<div class=\"elementor-element elementor-element-371abd2 elementor-position-left elementor-mobile-position-left elementor-view-default elementor-vertical-align-top elementor-widget elementor-widget-icon-box\" data-id=\"371abd2\" data-element_type=\"widget\" data-widget_type=\"icon-box.default\">\n\t\t\t\t<div class=\"elementor-widget-container\">\n\t\t\t\t\t<div class=\"elementor-icon-box-wrapper\">\n\t\t\t\t\t\t<div class=\"elementor-icon-box-icon\">\n\t\t\t\t<span class=\"elementor-icon elementor-animation-\" >\n\t\t\t\t<i aria-hidden=\"true\" class=\"fas fa-caret-right\"><\/i>\t\t\t\t<\/span>\n\t\t\t<\/div>\n\t\t\t\t\t\t<div class=\"elementor-icon-box-content\">\n\t\t\t\t<h3 class=\"elementor-icon-box-title\">\n\t\t\t\t\t<span  >\n\t\t\t\t\t\tHa szeretn\u00e9d teljes eg\u00e9sz\u00e9ben m\u00e1sra b\u00edzni a k\u00f6z\u00f6ss\u00e9gi oldalaidat, akkor seg\u00edt\u00fcnk.\t\t\t\t\t<\/span>\n\t\t\t\t<\/h3>\n\t\t\t\t\t\t\t<\/div>\n\t\t<\/div>\n\t\t\t\t<\/div>\n\t\t\t\t<\/div>\n\t\t\t\t\t<\/div>\n\t\t<\/div>\n\t\t\t\t\t\t\t<\/div>\n\t\t<\/section>\n\t\t\t\t<section class=\"elementor-section elementor-top-section elementor-element elementor-element-5c0002e3 elementor-section-boxed elementor-section-height-default elementor-section-height-default\" data-id=\"5c0002e3\" data-element_type=\"section\">\n\t\t\t\t\t\t<div class=\"elementor-container elementor-column-gap-default\">\n\t\t\t\t\t<div class=\"elementor-column elementor-col-50 elementor-top-column elementor-element elementor-element-583e0451\" data-id=\"583e0451\" data-element_type=\"column\">\n\t\t\t<div class=\"elementor-widget-wrap elementor-element-populated\">\n\t\t\t\t\t\t\t\t<div class=\"elementor-element elementor-element-481c5613 elementor-widget elementor-widget-heading\" data-id=\"481c5613\" data-element_type=\"widget\" data-widget_type=\"heading.default\">\n\t\t\t\t<div class=\"elementor-widget-container\">\n\t\t\t<h2 class=\"elementor-heading-title elementor-size-default\">\u00cdrj nek\u00fcnk<\/h2>\t\t<\/div>\n\t\t\t\t<\/div>\n\t\t\t\t<div class=\"elementor-element elementor-element-6c1ad873 elementor-widget elementor-widget-wpforms\" data-id=\"6c1ad873\" data-element_type=\"widget\" data-widget_type=\"wpforms.default\">\n\t\t\t\t<div class=\"elementor-widget-container\">\n\t\t\t<div class=\"wpforms-container\" id=\"wpforms-17\"><form id=\"wpforms-form-17\" class=\"wpforms-validate wpforms-form\" data-formid=\"17\" method=\"post\" enctype=\"multipart\/form-data\" action=\"\/en\/wp-json\/wp\/v2\/pages\/786\" data-token=\"2197ce2529a5470768831bc4d618ec5e\" data-trp-original-action=\"\/en\/wp-json\/wp\/v2\/pages\/786\"><noscript class=\"wpforms-error-noscript\">Please enable JavaScript in your browser to complete this form.<\/noscript><div class=\"wpforms-field-container\"><div id=\"wpforms-17-field_0-container\" class=\"wpforms-field wpforms-field-name\" data-field-id=\"0\"><label class=\"wpforms-field-label wpforms-label-hide\" for=\"wpforms-17-field_0\">N\u00e9v <span class=\"wpforms-required-label\">*<\/span><\/label><input type=\"text\" id=\"wpforms-17-field_0\" class=\"wpforms-field-large wpforms-field-required\" name=\"wpforms[fields][0]\" placeholder=\"Ide \u00edrd a neved...\" required><\/div><div id=\"wpforms-17-field_1-container\" class=\"wpforms-field wpforms-field-email\" data-field-id=\"1\"><label class=\"wpforms-field-label wpforms-label-hide\" for=\"wpforms-17-field_1\">Email-c\u00edm <span class=\"wpforms-required-label\">*<\/span><\/label><input type=\"email\" id=\"wpforms-17-field_1\" class=\"wpforms-field-large wpforms-field-required\" name=\"wpforms[fields][1]\" placeholder=\"Ide \u00edrd az email-c\u00edmedet...\" required><\/div><div id=\"wpforms-17-field_2-container\" class=\"wpforms-field wpforms-field-textarea\" data-field-id=\"2\"><label class=\"wpforms-field-label wpforms-label-hide\" for=\"wpforms-17-field_2\">\u00dczenet <span class=\"wpforms-required-label\">*<\/span><\/label><textarea id=\"wpforms-17-field_2\" class=\"wpforms-field-medium wpforms-field-required wpforms-limit-characters-enabled\" data-form-id=\"17\" data-field-id=\"2\" data-text-limit=\"1000\" name=\"wpforms[fields][2]\" placeholder=\"Ide \u00edrd \u00fczeneted...\" maxlength=\"1000\" required><\/textarea><\/div><\/div><div class=\"wpforms-field wpforms-field-hp\"><label for=\"wpforms-17-field-hp\" class=\"wpforms-field-label\">Phone<\/label><input type=\"text\" name=\"wpforms[hp]\" id=\"wpforms-17-field-hp\" class=\"wpforms-field-medium\"><\/div><div class=\"wpforms-submit-container\"><input type=\"hidden\" name=\"wpforms[id]\" value=\"17\"><input type=\"hidden\" name=\"wpforms[author]\" value=\"1\"><button type=\"submit\" name=\"wpforms[submit]\" id=\"wpforms-submit-17\" class=\"wpforms-submit\" data-alt-text=\"\u00dczenet k\u00fcld\u00e9se folyamatban...\" data-submit-text=\"K\u00dcLD\u00c9S\" aria-live=\"assertive\" value=\"wpforms-submit\">K\u00dcLD\u00c9S<\/button><\/div><input type=\"hidden\" name=\"trp-form-language\" value=\"en\"\/><\/form><\/div>  <!-- .wpforms-container -->\t\t<\/div>\n\t\t\t\t<\/div>\n\t\t\t\t\t<\/div>\n\t\t<\/div>\n\t\t\t\t<div class=\"elementor-column elementor-col-50 elementor-top-column elementor-element elementor-element-7aee3f20\" data-id=\"7aee3f20\" data-element_type=\"column\">\n\t\t\t<div class=\"elementor-widget-wrap\">\n\t\t\t\t\t\t\t\t\t<\/div>\n\t\t<\/div>\n\t\t\t\t\t\t\t<\/div>\n\t\t<\/section>\n\t\t\t\t\t\t\t<\/div>","protected":false},"excerpt":{"rendered":"<p>SOCIAL MEDIA KEZEL\u00c9S Multibrand Marketing A te marketinges csapatod! Levessz\u00fck a terhet&#8230; Posztok, esem\u00e9nyek, sztorik, csoportok.Felm\u00e9rj\u00fck melyik platformokra \u00e9s milyen eszk\u00f6z\u00f6kre van sz\u00fcks\u00e9ge a v\u00e1llalkoz\u00e1sodnak, majd strat\u00e9gi\u00e1t gy\u00e1rtunk \u00e9s kezelj\u00fck helyetted. Magyarorsz\u00e1gon az emberek 60%-a akt\u00edvan haszn\u00e1lja a Facebookot, az Instagramon pedig m\u00e1r t\u00f6bb, mint 2 milli\u00f3an vannak jelen.\u00a0A\u00a0k\u00f6z\u00f6ss\u00e9gi oldalak haszn\u00e1lata ma m\u00e1r minden v\u00e1llalkoz\u00e1s &hellip;<\/p>\n<p class=\"read-more\"> <a class=\"\" href=\"http:\/\/multibrandmarketing.hu\/en\/social-media-kezeles\/\"> <span class=\"screen-reader-text\">Social media kezel\u00e9s<\/span> Read More &raquo;<\/a><\/p>","protected":false},"author":1,"featured_media":0,"parent":0,"menu_order":0,"comment_status":"closed","ping_status":"closed","template":"","meta":{"site-sidebar-layout":"no-sidebar","site-content-layout":"page-builder","ast-global-header-display":"","ast-main-header-display":"","ast-hfb-above-header-display":"","ast-hfb-below-header-display":"","ast-hfb-mobile-header-display":"","site-post-title":"disabled","ast-breadcrumbs-content":"","ast-featured-img":"disabled","footer-sml-layout":"","theme-transparent-header-meta":"enabled","adv-header-id-meta":"","stick-header-meta":"","header-above-stick-meta":"","header-main-stick-meta":"","header-below-stick-meta":"","footnotes":""},"class_list":["post-786","page","type-page","status-publish","hentry"],"_links":{"self":[{"href":"http:\/\/multibrandmarketing.hu\/en\/wp-json\/wp\/v2\/pages\/786","targetHints":{"allow":["GET"]}}],"collection":[{"href":"http:\/\/multibrandmarketing.hu\/en\/wp-json\/wp\/v2\/pages"}],"about":[{"href":"http:\/\/multibrandmarketing.hu\/en\/wp-json\/wp\/v2\/types\/page"}],"author":[{"embeddable":true,"href":"http:\/\/multibrandmarketing.hu\/en\/wp-json\/wp\/v2\/users\/1"}],"replies":[{"embeddable":true,"href":"http:\/\/multibrandmarketing.hu\/en\/wp-json\/wp\/v2\/comments?post=786"}],"version-history":[{"count":33,"href":"http:\/\/multibrandmarketing.hu\/en\/wp-json\/wp\/v2\/pages\/786\/revisions"}],"predecessor-version":[{"id":1011,"href":"http:\/\/multibrandmarketing.hu\/en\/wp-json\/wp\/v2\/pages\/786\/revisions\/1011"}],"wp:attachment":[{"href":"http:\/\/multibrandmarketing.hu\/en\/wp-json\/wp\/v2\/media?parent=786"}],"curies":[{"name":"wp","href":"https:\/\/api.w.org\/{rel}","templated":true}]}}