{"id":541,"date":"2018-11-27T09:17:08","date_gmt":"2018-11-27T09:17:08","guid":{"rendered":"https:\/\/multibrandmarketing.hu\/about\/"},"modified":"2022-11-10T20:35:56","modified_gmt":"2022-11-10T20:35:56","slug":"rolunk","status":"publish","type":"page","link":"https:\/\/multibrandmarketing.hu\/en\/rolunk\/","title":{"rendered":"R\u00f3lunk"},"content":{"rendered":"<div data-elementor-type=\"wp-post\" data-elementor-id=\"541\" class=\"elementor elementor-541\">\n\t\t\t\t\t\t\t\t\t<section class=\"elementor-section elementor-top-section elementor-element elementor-element-d7d8b56 elementor-section-boxed elementor-section-height-default elementor-section-height-default\" data-id=\"d7d8b56\" data-element_type=\"section\" data-settings=\"{&quot;background_background&quot;:&quot;classic&quot;}\">\n\t\t\t\t\t\t\t<div class=\"elementor-background-overlay\"><\/div>\n\t\t\t\t\t\t\t<div class=\"elementor-container elementor-column-gap-default\">\n\t\t\t\t\t<div class=\"elementor-column elementor-col-100 elementor-top-column elementor-element elementor-element-fd69444\" data-id=\"fd69444\" data-element_type=\"column\">\n\t\t\t<div class=\"elementor-widget-wrap elementor-element-populated\">\n\t\t\t\t\t\t\t\t<div class=\"elementor-element elementor-element-abcc2f2 elementor-widget elementor-widget-heading\" data-id=\"abcc2f2\" data-element_type=\"widget\" data-widget_type=\"heading.default\">\n\t\t\t\t<div class=\"elementor-widget-container\">\n\t\t\t<style>\/*! elementor - v3.8.1 - 13-11-2022 *\/\n.elementor-heading-title{padding:0;margin:0;line-height:1}.elementor-widget-heading .elementor-heading-title[class*=elementor-size-]>a{color:inherit;font-size:inherit;line-height:inherit}.elementor-widget-heading .elementor-heading-title.elementor-size-small{font-size:15px}.elementor-widget-heading .elementor-heading-title.elementor-size-medium{font-size:19px}.elementor-widget-heading .elementor-heading-title.elementor-size-large{font-size:29px}.elementor-widget-heading .elementor-heading-title.elementor-size-xl{font-size:39px}.elementor-widget-heading .elementor-heading-title.elementor-size-xxl{font-size:59px}<\/style><h1 class=\"elementor-heading-title elementor-size-default\">R\u00d3LUNK<\/h1>\t\t<\/div>\n\t\t\t\t<\/div>\n\t\t\t\t\t<\/div>\n\t\t<\/div>\n\t\t\t\t\t\t\t<\/div>\n\t\t<\/section>\n\t\t\t\t<section class=\"elementor-section elementor-top-section elementor-element elementor-element-40176efc elementor-section-boxed elementor-section-height-default elementor-section-height-default\" data-id=\"40176efc\" data-element_type=\"section\">\n\t\t\t\t\t\t<div class=\"elementor-container elementor-column-gap-default\">\n\t\t\t\t\t<div class=\"elementor-column elementor-col-100 elementor-top-column elementor-element elementor-element-32a9fa61\" data-id=\"32a9fa61\" data-element_type=\"column\">\n\t\t\t<div class=\"elementor-widget-wrap elementor-element-populated\">\n\t\t\t\t\t\t\t\t<div class=\"elementor-element elementor-element-2da79ab7 elementor-widget elementor-widget-heading\" data-id=\"2da79ab7\" data-element_type=\"widget\" data-widget_type=\"heading.default\">\n\t\t\t\t<div class=\"elementor-widget-container\">\n\t\t\t<h1 class=\"elementor-heading-title elementor-size-default\">Multibrand Marketing<\/h1>\t\t<\/div>\n\t\t\t\t<\/div>\n\t\t\t\t<div class=\"elementor-element elementor-element-d623094 elementor-widget elementor-widget-heading\" data-id=\"d623094\" data-element_type=\"widget\" data-widget_type=\"heading.default\">\n\t\t\t\t<div class=\"elementor-widget-container\">\n\t\t\t<h2 class=\"elementor-heading-title elementor-size-default\">Your marketing team!<\/h2>\t\t<\/div>\n\t\t\t\t<\/div>\n\t\t\t\t\t<\/div>\n\t\t<\/div>\n\t\t\t\t\t\t\t<\/div>\n\t\t<\/section>\n\t\t\t\t<section data-uael-partstyle=\"nasa\" data-uael-partcolor=\"\" data-uael-partopacity=\"\" data-uael-partdirection=\"bottom\" data-uael-partnum=\"\" data-uael-partsize=\"\" data-uael-partspeed=\"\" data-uael-interactive=\"no\" class=\"elementor-section elementor-top-section elementor-element elementor-element-15bc3774 uael-particle-yes uael-particle-adv-yes elementor-section-boxed elementor-section-height-default elementor-section-height-default\" data-id=\"15bc3774\" data-element_type=\"section\" data-settings=\"{&quot;background_background&quot;:&quot;classic&quot;}\">\n\t\t\t\t\t\t<div class=\"elementor-container elementor-column-gap-default\">\n\t\t\t\t\t<div class=\"elementor-column elementor-col-50 elementor-top-column elementor-element elementor-element-1900ee4d\" data-id=\"1900ee4d\" data-element_type=\"column\">\n\t\t\t<div class=\"elementor-widget-wrap elementor-element-populated\">\n\t\t\t\t\t\t\t\t<div class=\"elementor-element elementor-element-7c5211ea elementor-widget elementor-widget-heading\" data-id=\"7c5211ea\" data-element_type=\"widget\" data-widget_type=\"heading.default\">\n\t\t\t\t<div class=\"elementor-widget-container\">\n\t\t\t<h2 class=\"elementor-heading-title elementor-size-default\">B\u00edzd r\u00e1nk!<\/h2>\t\t<\/div>\n\t\t\t\t<\/div>\n\t\t\t\t<div class=\"elementor-element elementor-element-72a399d2 elementor-widget elementor-widget-text-editor\" data-id=\"72a399d2\" data-element_type=\"widget\" data-widget_type=\"text-editor.default\">\n\t\t\t\t<div class=\"elementor-widget-container\">\n\t\t\t<style>\/*! elementor - v3.8.1 - 13-11-2022 *\/\n.elementor-widget-text-editor.elementor-drop-cap-view-stacked .elementor-drop-cap{background-color:#818a91;color:#fff}.elementor-widget-text-editor.elementor-drop-cap-view-framed .elementor-drop-cap{color:#818a91;border:3px solid;background-color:transparent}.elementor-widget-text-editor:not(.elementor-drop-cap-view-default) .elementor-drop-cap{margin-top:8px}.elementor-widget-text-editor:not(.elementor-drop-cap-view-default) .elementor-drop-cap-letter{width:1em;height:1em}.elementor-widget-text-editor .elementor-drop-cap{float:left;text-align:center;line-height:1;font-size:50px}.elementor-widget-text-editor .elementor-drop-cap-letter{display:inline-block}<\/style>\t\t\t\t<p>Ir\u00e1nyt\u0171 az online marketingben, egy t\u00e1rs, aki leveszi a terhet \u00e9s seg\u00edt a fejl\u0151d\u00e9sben.\u00a0C\u00e9lunk, hogy el\u00e9rd a c\u00e9lod.<\/p>\t\t\t\t\t\t<\/div>\n\t\t\t\t<\/div>\n\t\t\t\t<div class=\"elementor-element elementor-element-5a1634bf elementor-widget elementor-widget-text-editor\" data-id=\"5a1634bf\" data-element_type=\"widget\" data-widget_type=\"text-editor.default\">\n\t\t\t\t<div class=\"elementor-widget-container\">\n\t\t\t\t\t\t\t<p>Online hirdet\u00e9sek kezel\u00e9se vagy l\u00e9trehoz\u00e1sa, Weboldal \/ Webshop k\u00e9sz\u00edt\u00e9se, fel\u00faj\u00edt\u00e1sa vagy karbantart\u00e1sa, Keres\u0151optimaliz\u00e1l\u00e1s, Social m\u00e9dia kezel\u00e9s, Marketing strat\u00e9gia gy\u00e1rt\u00e1s ezen k\u00edv\u00fcl pedig audit\u00e1l\u00e1s \u00e9s tan\u00e1csad\u00e1s az eml\u00edtett ter\u00fcletekkel kapcsolatban.<\/p>\t\t\t\t\t\t<\/div>\n\t\t\t\t<\/div>\n\t\t\t\t\t<\/div>\n\t\t<\/div>\n\t\t\t\t<div class=\"elementor-column elementor-col-50 elementor-top-column elementor-element elementor-element-48a79c45\" data-id=\"48a79c45\" data-element_type=\"column\">\n\t\t\t<div class=\"elementor-widget-wrap elementor-element-populated\">\n\t\t\t\t\t\t\t\t<div class=\"elementor-element elementor-element-265686a8 elementor-widget elementor-widget-heading\" data-id=\"265686a8\" data-element_type=\"widget\" data-widget_type=\"heading.default\">\n\t\t\t\t<div class=\"elementor-widget-container\">\n\t\t\t<h2 class=\"elementor-heading-title elementor-size-default\">Kiknek?<\/h2>\t\t<\/div>\n\t\t\t\t<\/div>\n\t\t\t\t<div class=\"elementor-element elementor-element-5c6f822d elementor-widget elementor-widget-text-editor\" data-id=\"5c6f822d\" data-element_type=\"widget\" data-widget_type=\"text-editor.default\">\n\t\t\t\t<div class=\"elementor-widget-container\">\n\t\t\t\t\t\t\t<p>Indul\u00f3 v\u00e1llalkoz\u00e1soknak, egy\u00e9ni v\u00e1llalkoz\u00f3knak, a KKV szektor szerepl\u0151inek, kishalaknak \u00e9s nagyhalaknak egyar\u00e1nt.<\/p>\t\t\t\t\t\t<\/div>\n\t\t\t\t<\/div>\n\t\t\t\t<div class=\"elementor-element elementor-element-50bd83fe elementor-widget elementor-widget-text-editor\" data-id=\"50bd83fe\" data-element_type=\"widget\" data-widget_type=\"text-editor.default\">\n\t\t\t\t<div class=\"elementor-widget-container\">\n\t\t\t\t\t\t\t<p>Ha nincs marketingesed, ha negat\u00edv tapasztalatod van m\u00e1s \u00fcgyn\u00f6ks\u00e9gekkel, ha n\u00f6vekedni szeretn\u00e9l, ha nem tudod hogyan kezdj neki, nem tudod mi a probl\u00e9ma vagy egyszer\u0171en csak kiszervezn\u00e9d a marketinget, b\u00e1tran fordulj hozz\u00e1nk!<\/p>\t\t\t\t\t\t<\/div>\n\t\t\t\t<\/div>\n\t\t\t\t\t<\/div>\n\t\t<\/div>\n\t\t\t\t\t\t\t<\/div>\n\t\t<\/section>\n\t\t\t\t\t\t\t<\/div>","protected":false},"excerpt":{"rendered":"<p>R\u00d3LUNK Multibrand Marketing A te marketinges csapatod! B\u00edzd r\u00e1nk! Ir\u00e1nyt\u0171 az online marketingben, egy t\u00e1rs, aki leveszi a terhet \u00e9s seg\u00edt a fejl\u0151d\u00e9sben.\u00a0C\u00e9lunk, hogy el\u00e9rd a c\u00e9lod. Online hirdet\u00e9sek kezel\u00e9se vagy l\u00e9trehoz\u00e1sa, Weboldal \/ Webshop k\u00e9sz\u00edt\u00e9se, fel\u00faj\u00edt\u00e1sa vagy karbantart\u00e1sa, Keres\u0151optimaliz\u00e1l\u00e1s, Social m\u00e9dia kezel\u00e9s, Marketing strat\u00e9gia gy\u00e1rt\u00e1s ezen k\u00edv\u00fcl pedig audit\u00e1l\u00e1s \u00e9s tan\u00e1csad\u00e1s az eml\u00edtett ter\u00fcletekkel &hellip;<\/p>\n<p class=\"read-more\"> <a class=\"\" href=\"https:\/\/multibrandmarketing.hu\/en\/rolunk\/\"> <span class=\"screen-reader-text\">R\u00f3lunk<\/span> Read More &raquo;<\/a><\/p>","protected":false},"author":1,"featured_media":0,"parent":0,"menu_order":0,"comment_status":"closed","ping_status":"closed","template":"","meta":{"site-sidebar-layout":"no-sidebar","site-content-layout":"page-builder","ast-global-header-display":"","ast-main-header-display":"","ast-hfb-above-header-display":"","ast-hfb-below-header-display":"","ast-hfb-mobile-header-display":"","site-post-title":"disabled","ast-breadcrumbs-content":"","ast-featured-img":"disabled","footer-sml-layout":"","theme-transparent-header-meta":"enabled","adv-header-id-meta":"","stick-header-meta":"","header-above-stick-meta":"","header-main-stick-meta":"","header-below-stick-meta":"","footnotes":""},"class_list":["post-541","page","type-page","status-publish","hentry"],"_links":{"self":[{"href":"https:\/\/multibrandmarketing.hu\/en\/wp-json\/wp\/v2\/pages\/541","targetHints":{"allow":["GET"]}}],"collection":[{"href":"https:\/\/multibrandmarketing.hu\/en\/wp-json\/wp\/v2\/pages"}],"about":[{"href":"https:\/\/multibrandmarketing.hu\/en\/wp-json\/wp\/v2\/types\/page"}],"author":[{"embeddable":true,"href":"https:\/\/multibrandmarketing.hu\/en\/wp-json\/wp\/v2\/users\/1"}],"replies":[{"embeddable":true,"href":"https:\/\/multibrandmarketing.hu\/en\/wp-json\/wp\/v2\/comments?post=541"}],"version-history":[{"count":71,"href":"https:\/\/multibrandmarketing.hu\/en\/wp-json\/wp\/v2\/pages\/541\/revisions"}],"predecessor-version":[{"id":731,"href":"https:\/\/multibrandmarketing.hu\/en\/wp-json\/wp\/v2\/pages\/541\/revisions\/731"}],"wp:attachment":[{"href":"https:\/\/multibrandmarketing.hu\/en\/wp-json\/wp\/v2\/media?parent=541"}],"curies":[{"name":"wp","href":"https:\/\/api.w.org\/{rel}","templated":true}]}}